{"id":2,"date":"2024-01-25T13:24:56","date_gmt":"2024-01-25T13:24:56","guid":{"rendered":"https:\/\/web4.rkinformatika.net\/reformasmarin\/?page_id=2"},"modified":"2025-06-09T18:39:20","modified_gmt":"2025-06-09T18:39:20","slug":"inicio","status":"publish","type":"page","link":"https:\/\/marinreformas.com\/eu\/","title":{"rendered":"Hasiera"},"content":{"rendered":"<div data-elementor-type=\"wp-page\" data-elementor-id=\"2\" class=\"elementor elementor-2\" data-elementor-post-type=\"page\">\n\t\t\t\t<div class=\"elementor-element elementor-element-effc323 e-flex e-con-boxed e-con e-parent\" data-id=\"effc323\" data-element_type=\"container\" data-e-type=\"container\">\n\t\t\t\t\t<div class=\"e-con-inner\">\n\t\t<div class=\"elementor-element elementor-element-004c60e e-con-full e-flex e-con e-child\" data-id=\"004c60e\" data-element_type=\"container\" data-e-type=\"container\">\n\t\t\t\t<\/div>\n\t\t<div class=\"elementor-element elementor-element-8e1e68c e-con-full e-flex e-con e-child\" data-id=\"8e1e68c\" data-element_type=\"container\" data-e-type=\"container\">\n\t\t\t\t<\/div>\n\t\t\t\t\t<\/div>\n\t\t\t\t<\/div>\n\t\t\t\t<section class=\"elementor-section elementor-top-section elementor-element elementor-element-3bb4456 elementor-section-boxed elementor-section-height-default elementor-section-height-default\" data-id=\"3bb4456\" data-element_type=\"section\" data-e-type=\"section\" data-settings=\"{&quot;background_background&quot;:&quot;classic&quot;}\">\n\t\t\t\t\t\t\t<div class=\"elementor-background-overlay\"><\/div>\n\t\t\t\t\t\t\t<div class=\"elementor-container elementor-column-gap-default\">\n\t\t\t\t\t<div class=\"elementor-column elementor-col-100 elementor-top-column elementor-element elementor-element-79601a2\" data-id=\"79601a2\" data-element_type=\"column\" data-e-type=\"column\">\n\t\t\t<div class=\"elementor-widget-wrap elementor-element-populated\">\n\t\t\t\t\t\t\t<\/div>\n\t\t<\/div>\n\t\t\t\t\t<\/div>\n\t\t<\/section>\n\t\t<div class=\"elementor-element elementor-element-82b9cda e-flex e-con-boxed e-con e-parent\" data-id=\"82b9cda\" data-element_type=\"container\" data-e-type=\"container\">\n\t\t\t\t\t<div class=\"e-con-inner\">\n\t\t\t\t<div class=\"elementor-element elementor-element-c20f29a elementor-widget elementor-widget-heading\" data-id=\"c20f29a\" data-element_type=\"widget\" data-e-type=\"widget\" data-widget_type=\"heading.default\">\n\t\t\t\t<div class=\"elementor-widget-container\">\n\t\t\t\t\t<h2 class=\"elementor-heading-title elementor-size-default\">Guri Buruz<\/h2>\t\t\t\t<\/div>\n\t\t\t\t<\/div>\n\t\t\t\t<div class=\"elementor-element elementor-element-362dc0e elementor-widget-divider--view-line elementor-widget elementor-widget-divider\" data-id=\"362dc0e\" data-element_type=\"widget\" data-e-type=\"widget\" data-widget_type=\"divider.default\">\n\t\t\t\t<div class=\"elementor-widget-container\">\n\t\t\t\t\t\t\t<div class=\"elementor-divider\">\n\t\t\t<span class=\"elementor-divider-separator\">\n\t\t\t\t\t\t<\/span>\n\t\t<\/div>\n\t\t\t\t\t\t<\/div>\n\t\t\t\t<\/div>\n\t\t\t\t\t<\/div>\n\t\t\t\t<\/div>\n\t\t<div class=\"elementor-element elementor-element-33724cf e-flex e-con-boxed e-con e-parent\" data-id=\"33724cf\" data-element_type=\"container\" data-e-type=\"container\">\n\t\t\t\t\t<div class=\"e-con-inner\">\n\t\t\t\t<div class=\"elementor-element elementor-element-6c7fd31 elementor-widget elementor-widget-text-editor\" data-id=\"6c7fd31\" data-element_type=\"widget\" data-e-type=\"widget\" data-widget_type=\"text-editor.default\">\n\t\t\t\t<div class=\"elementor-widget-container\">\n\t\t\t\t\t\t\t\t\t<p>Con m\u00e1s de 40 a\u00f1os en el sector de la construcci\u00f3n, ofrecemos soluciones integrales para todo tipo de proyectos, desde obras residenciales hasta comerciales e industriales. Nuestro compromiso con la calidad, la seguridad y la satisfacci\u00f3n del cliente nos ha consolidado como un referente en la industria. Con una trayectoria s\u00f3lida y un profesional altamente calificado, transformamos tus ideas en realidad, garantizando resultados duraderos y de excelencia.<\/p>\t\t\t\t\t\t\t\t<\/div>\n\t\t\t\t<\/div>\n\t\t\t\t\t<\/div>\n\t\t\t\t<\/div>\n\t\t<div class=\"elementor-element elementor-element-081924a e-grid e-con-boxed e-con e-parent\" data-id=\"081924a\" data-element_type=\"container\" data-e-type=\"container\">\n\t\t\t\t\t<div class=\"e-con-inner\">\n\t\t\t\t<div class=\"elementor-element elementor-element-a9fde19 elementor-widget elementor-widget-image\" data-id=\"a9fde19\" data-element_type=\"widget\" data-e-type=\"widget\" data-widget_type=\"image.default\">\n\t\t\t\t<div class=\"elementor-widget-container\">\n\t\t\t\t\t\t\t\t\t\t\t\t\t\t\t<img fetchpriority=\"high\" decoding=\"async\" width=\"768\" height=\"1024\" src=\"https:\/\/marinreformas.com\/wp-content\/uploads\/2025\/06\/20250509_144642-768x1024.jpg\" class=\"attachment-large size-large wp-image-366\" alt=\"\" srcset=\"https:\/\/marinreformas.com\/wp-content\/uploads\/2025\/06\/20250509_144642-768x1024.jpg 768w, https:\/\/marinreformas.com\/wp-content\/uploads\/2025\/06\/20250509_144642-225x300.jpg 225w, https:\/\/marinreformas.com\/wp-content\/uploads\/2025\/06\/20250509_144642-1152x1536.jpg 1152w, https:\/\/marinreformas.com\/wp-content\/uploads\/2025\/06\/20250509_144642-1536x2048.jpg 1536w, https:\/\/marinreformas.com\/wp-content\/uploads\/2025\/06\/20250509_144642-9x12.jpg 9w, https:\/\/marinreformas.com\/wp-content\/uploads\/2025\/06\/20250509_144642-scaled.jpg 1920w\" sizes=\"(max-width: 768px) 100vw, 768px\" \/>\t\t\t\t\t\t\t\t\t\t\t\t\t\t\t<\/div>\n\t\t\t\t<\/div>\n\t\t\t\t<div class=\"elementor-element elementor-element-64e5616 elementor-widget elementor-widget-image\" data-id=\"64e5616\" data-element_type=\"widget\" data-e-type=\"widget\" data-widget_type=\"image.default\">\n\t\t\t\t<div class=\"elementor-widget-container\">\n\t\t\t\t\t\t\t\t\t\t\t\t\t\t\t<img decoding=\"async\" width=\"768\" height=\"1024\" src=\"https:\/\/marinreformas.com\/wp-content\/uploads\/2025\/06\/20250206_143518-768x1024.jpg\" class=\"attachment-large size-large wp-image-368\" alt=\"\" srcset=\"https:\/\/marinreformas.com\/wp-content\/uploads\/2025\/06\/20250206_143518-768x1024.jpg 768w, https:\/\/marinreformas.com\/wp-content\/uploads\/2025\/06\/20250206_143518-225x300.jpg 225w, https:\/\/marinreformas.com\/wp-content\/uploads\/2025\/06\/20250206_143518-1152x1536.jpg 1152w, https:\/\/marinreformas.com\/wp-content\/uploads\/2025\/06\/20250206_143518-1536x2048.jpg 1536w, https:\/\/marinreformas.com\/wp-content\/uploads\/2025\/06\/20250206_143518-9x12.jpg 9w, https:\/\/marinreformas.com\/wp-content\/uploads\/2025\/06\/20250206_143518-scaled.jpg 1920w\" sizes=\"(max-width: 768px) 100vw, 768px\" \/>\t\t\t\t\t\t\t\t\t\t\t\t\t\t\t<\/div>\n\t\t\t\t<\/div>\n\t\t\t\t\t<\/div>\n\t\t\t\t<\/div>\n\t\t\t\t<\/div>","protected":false},"excerpt":{"rendered":"<p>Sobre Nosotros Con m\u00e1s de 40 a\u00f1os en el sector de la construcci\u00f3n, ofrecemos soluciones integrales para todo tipo de proyectos, desde obras residenciales hasta comerciales e industriales. Nuestro compromiso con la calidad, la seguridad y la satisfacci\u00f3n del cliente nos ha consolidado como un referente en la industria. Con una trayectoria s\u00f3lida y un [&hellip;]<\/p>\n","protected":false},"author":1,"featured_media":0,"parent":0,"menu_order":0,"comment_status":"closed","ping_status":"closed","template":"","meta":{"footnotes":""},"class_list":["post-2","page","type-page","status-publish","hentry"],"yoast_head":"<!-- This site is optimized with the Yoast SEO plugin v27.3 - https:\/\/yoast.com\/product\/yoast-seo-wordpress\/ -->\n<title>Inicio - REFORMAS MARIN<\/title>\n<meta name=\"robots\" content=\"index, follow, max-snippet:-1, max-image-preview:large, max-video-preview:-1\" \/>\n<link rel=\"canonical\" href=\"https:\/\/marinreformas.com\/eu\/\" \/>\n<meta property=\"og:locale\" content=\"en_US\" \/>\n<meta property=\"og:type\" content=\"article\" \/>\n<meta property=\"og:title\" content=\"Inicio - REFORMAS MARIN\" \/>\n<meta property=\"og:description\" content=\"Sobre Nosotros Con m\u00e1s de 40 a\u00f1os en el sector de la construcci\u00f3n, ofrecemos soluciones integrales para todo tipo de proyectos, desde obras residenciales hasta comerciales e industriales. Nuestro compromiso con la calidad, la seguridad y la satisfacci\u00f3n del cliente nos ha consolidado como un referente en la industria. Con una trayectoria s\u00f3lida y un [&hellip;]\" \/>\n<meta property=\"og:url\" content=\"https:\/\/marinreformas.com\/eu\/\" \/>\n<meta property=\"og:site_name\" content=\"REFORMAS MARIN\" \/>\n<meta property=\"article:modified_time\" content=\"2025-06-09T18:39:20+00:00\" \/>\n<meta property=\"og:image\" content=\"https:\/\/marinreformas.com\/wp-content\/uploads\/2025\/06\/20250509_144642-scaled.jpg\" \/>\n\t<meta property=\"og:image:width\" content=\"1920\" \/>\n\t<meta property=\"og:image:height\" content=\"2560\" \/>\n\t<meta property=\"og:image:type\" content=\"image\/jpeg\" \/>\n<meta name=\"twitter:card\" content=\"summary_large_image\" \/>\n<meta name=\"twitter:label1\" content=\"Est. reading time\" \/>\n\t<meta name=\"twitter:data1\" content=\"1 minutua\" \/>\n<script type=\"application\/ld+json\" class=\"yoast-schema-graph\">{\"@context\":\"https:\\\/\\\/schema.org\",\"@graph\":[{\"@type\":\"WebPage\",\"@id\":\"https:\\\/\\\/marinreformas.com\\\/\",\"url\":\"https:\\\/\\\/marinreformas.com\\\/\",\"name\":\"Inicio - REFORMAS MARIN\",\"isPartOf\":{\"@id\":\"https:\\\/\\\/marinreformas.com\\\/#website\"},\"primaryImageOfPage\":{\"@id\":\"https:\\\/\\\/marinreformas.com\\\/#primaryimage\"},\"image\":{\"@id\":\"https:\\\/\\\/marinreformas.com\\\/#primaryimage\"},\"thumbnailUrl\":\"https:\\\/\\\/marinreformas.com\\\/wp-content\\\/uploads\\\/2025\\\/06\\\/20250509_144642-768x1024.jpg\",\"datePublished\":\"2024-01-25T13:24:56+00:00\",\"dateModified\":\"2025-06-09T18:39:20+00:00\",\"breadcrumb\":{\"@id\":\"https:\\\/\\\/marinreformas.com\\\/#breadcrumb\"},\"inLanguage\":\"eu\",\"potentialAction\":[{\"@type\":\"ReadAction\",\"target\":[\"https:\\\/\\\/marinreformas.com\\\/\"]}]},{\"@type\":\"ImageObject\",\"inLanguage\":\"eu\",\"@id\":\"https:\\\/\\\/marinreformas.com\\\/#primaryimage\",\"url\":\"https:\\\/\\\/marinreformas.com\\\/wp-content\\\/uploads\\\/2025\\\/06\\\/20250509_144642-768x1024.jpg\",\"contentUrl\":\"https:\\\/\\\/marinreformas.com\\\/wp-content\\\/uploads\\\/2025\\\/06\\\/20250509_144642-768x1024.jpg\"},{\"@type\":\"BreadcrumbList\",\"@id\":\"https:\\\/\\\/marinreformas.com\\\/#breadcrumb\",\"itemListElement\":[{\"@type\":\"ListItem\",\"position\":1,\"name\":\"Portada\",\"item\":\"https:\\\/\\\/marinreformas.com\\\/\"},{\"@type\":\"ListItem\",\"position\":2,\"name\":\"Inicio\"}]},{\"@type\":\"WebSite\",\"@id\":\"https:\\\/\\\/marinreformas.com\\\/#website\",\"url\":\"https:\\\/\\\/marinreformas.com\\\/\",\"name\":\"REFORMAS MARIN\",\"description\":\"\",\"publisher\":{\"@id\":\"https:\\\/\\\/marinreformas.com\\\/#organization\"},\"potentialAction\":[{\"@type\":\"SearchAction\",\"target\":{\"@type\":\"EntryPoint\",\"urlTemplate\":\"https:\\\/\\\/marinreformas.com\\\/?s={search_term_string}\"},\"query-input\":{\"@type\":\"PropertyValueSpecification\",\"valueRequired\":true,\"valueName\":\"search_term_string\"}}],\"inLanguage\":\"eu\"},{\"@type\":\"Organization\",\"@id\":\"https:\\\/\\\/marinreformas.com\\\/#organization\",\"name\":\"REFORMAS MARIN\",\"url\":\"https:\\\/\\\/marinreformas.com\\\/\",\"logo\":{\"@type\":\"ImageObject\",\"inLanguage\":\"eu\",\"@id\":\"https:\\\/\\\/marinreformas.com\\\/#\\\/schema\\\/logo\\\/image\\\/\",\"url\":\"https:\\\/\\\/marinreformas.com\\\/wp-content\\\/uploads\\\/2024\\\/01\\\/cropped-Logo_Mesa-de-trabajo-1-1-1.png\",\"contentUrl\":\"https:\\\/\\\/marinreformas.com\\\/wp-content\\\/uploads\\\/2024\\\/01\\\/cropped-Logo_Mesa-de-trabajo-1-1-1.png\",\"width\":1920,\"height\":544,\"caption\":\"REFORMAS MARIN\"},\"image\":{\"@id\":\"https:\\\/\\\/marinreformas.com\\\/#\\\/schema\\\/logo\\\/image\\\/\"}}]}<\/script>\n<!-- \/ Yoast SEO plugin. -->","yoast_head_json":{"title":"Inicio - REFORMAS MARIN","robots":{"index":"index","follow":"follow","max-snippet":"max-snippet:-1","max-image-preview":"max-image-preview:large","max-video-preview":"max-video-preview:-1"},"canonical":"https:\/\/marinreformas.com\/eu\/","og_locale":"en_US","og_type":"article","og_title":"Inicio - REFORMAS MARIN","og_description":"Sobre Nosotros Con m\u00e1s de 40 a\u00f1os en el sector de la construcci\u00f3n, ofrecemos soluciones integrales para todo tipo de proyectos, desde obras residenciales hasta comerciales e industriales. Nuestro compromiso con la calidad, la seguridad y la satisfacci\u00f3n del cliente nos ha consolidado como un referente en la industria. Con una trayectoria s\u00f3lida y un [&hellip;]","og_url":"https:\/\/marinreformas.com\/eu\/","og_site_name":"REFORMAS MARIN","article_modified_time":"2025-06-09T18:39:20+00:00","og_image":[{"width":1920,"height":2560,"url":"https:\/\/marinreformas.com\/wp-content\/uploads\/2025\/06\/20250509_144642-scaled.jpg","type":"image\/jpeg"}],"twitter_card":"summary_large_image","twitter_misc":{"Est. reading time":"1 minutua"},"schema":{"@context":"https:\/\/schema.org","@graph":[{"@type":"WebPage","@id":"https:\/\/marinreformas.com\/","url":"https:\/\/marinreformas.com\/","name":"Inicio - REFORMAS MARIN","isPartOf":{"@id":"https:\/\/marinreformas.com\/#website"},"primaryImageOfPage":{"@id":"https:\/\/marinreformas.com\/#primaryimage"},"image":{"@id":"https:\/\/marinreformas.com\/#primaryimage"},"thumbnailUrl":"https:\/\/marinreformas.com\/wp-content\/uploads\/2025\/06\/20250509_144642-768x1024.jpg","datePublished":"2024-01-25T13:24:56+00:00","dateModified":"2025-06-09T18:39:20+00:00","breadcrumb":{"@id":"https:\/\/marinreformas.com\/#breadcrumb"},"inLanguage":"eu","potentialAction":[{"@type":"ReadAction","target":["https:\/\/marinreformas.com\/"]}]},{"@type":"ImageObject","inLanguage":"eu","@id":"https:\/\/marinreformas.com\/#primaryimage","url":"https:\/\/marinreformas.com\/wp-content\/uploads\/2025\/06\/20250509_144642-768x1024.jpg","contentUrl":"https:\/\/marinreformas.com\/wp-content\/uploads\/2025\/06\/20250509_144642-768x1024.jpg"},{"@type":"BreadcrumbList","@id":"https:\/\/marinreformas.com\/#breadcrumb","itemListElement":[{"@type":"ListItem","position":1,"name":"Portada","item":"https:\/\/marinreformas.com\/"},{"@type":"ListItem","position":2,"name":"Inicio"}]},{"@type":"WebSite","@id":"https:\/\/marinreformas.com\/#website","url":"https:\/\/marinreformas.com\/","name":"REFORMAS MARIN","description":"","publisher":{"@id":"https:\/\/marinreformas.com\/#organization"},"potentialAction":[{"@type":"SearchAction","target":{"@type":"EntryPoint","urlTemplate":"https:\/\/marinreformas.com\/?s={search_term_string}"},"query-input":{"@type":"PropertyValueSpecification","valueRequired":true,"valueName":"search_term_string"}}],"inLanguage":"eu"},{"@type":"Organization","@id":"https:\/\/marinreformas.com\/#organization","name":"REFORMAS MARIN","url":"https:\/\/marinreformas.com\/","logo":{"@type":"ImageObject","inLanguage":"eu","@id":"https:\/\/marinreformas.com\/#\/schema\/logo\/image\/","url":"https:\/\/marinreformas.com\/wp-content\/uploads\/2024\/01\/cropped-Logo_Mesa-de-trabajo-1-1-1.png","contentUrl":"https:\/\/marinreformas.com\/wp-content\/uploads\/2024\/01\/cropped-Logo_Mesa-de-trabajo-1-1-1.png","width":1920,"height":544,"caption":"REFORMAS MARIN"},"image":{"@id":"https:\/\/marinreformas.com\/#\/schema\/logo\/image\/"}}]}},"_links":{"self":[{"href":"https:\/\/marinreformas.com\/eu\/wp-json\/wp\/v2\/pages\/2","targetHints":{"allow":["GET"]}}],"collection":[{"href":"https:\/\/marinreformas.com\/eu\/wp-json\/wp\/v2\/pages"}],"about":[{"href":"https:\/\/marinreformas.com\/eu\/wp-json\/wp\/v2\/types\/page"}],"author":[{"embeddable":true,"href":"https:\/\/marinreformas.com\/eu\/wp-json\/wp\/v2\/users\/1"}],"replies":[{"embeddable":true,"href":"https:\/\/marinreformas.com\/eu\/wp-json\/wp\/v2\/comments?post=2"}],"version-history":[{"count":55,"href":"https:\/\/marinreformas.com\/eu\/wp-json\/wp\/v2\/pages\/2\/revisions"}],"predecessor-version":[{"id":371,"href":"https:\/\/marinreformas.com\/eu\/wp-json\/wp\/v2\/pages\/2\/revisions\/371"}],"wp:attachment":[{"href":"https:\/\/marinreformas.com\/eu\/wp-json\/wp\/v2\/media?parent=2"}],"curies":[{"name":"wp","href":"https:\/\/api.w.org\/{rel}","templated":true}]}}